{"id":700,"date":"2023-08-01T15:18:43","date_gmt":"2023-08-01T13:18:43","guid":{"rendered":"https:\/\/local.wakaigroup.com\/aviso-legal\/"},"modified":"2025-10-06T15:46:14","modified_gmt":"2025-10-06T13:46:14","slug":"legal-advice","status":"publish","type":"page","link":"https:\/\/wakaigroup.com\/en\/legal-advice\/","title":{"rendered":"Legal advice"},"content":{"rendered":"<p class=\"p2\">The Kaisha Sports, S.L., (en adelante WAKAISPORTS) con domicilio en Paseo de la Habana, 42 2 izquierda, Madrid con CIF B01591841 pone a disposici\u00f3n en su sitio web <span class=\"s2\"><b>www.wakaisports.com <\/b><\/span>determinados contenidos de car\u00e1cter informativo sobre sus actividades.<span class=\"Apple-converted-space\">\u00a0<\/span><\/p>\n<p class=\"p2\">Las presentes condiciones generales rigen \u00fanica y exclusivamente el uso del sitio web de WAKAISPORTS por parte de los USUARIOS que accedan al mismo. Las presentes condiciones generales se le exponen al USUARIO en el sitio <span class=\"s2\"><b>www.wakaisports.com <\/b><\/span>en todas y cada una de las p\u00e1ginas y cada vez que un USUARIO introduce sus datos en los formularios existentes, para que las lea, las imprima, archive y acepte a trav\u00e9s de internet, no pudiendo el USUARIO introducir sus datos efectivamente sin que se haya producido esta aceptaci\u00f3n.<span class=\"Apple-converted-space\">\u00a0<\/span><\/p>\n<p class=\"p2\">THE KAISHA SPORT, S.L. est\u00e1 inscrita en el Registro Mercantil de Madrid, Tomo 40628, folio 1, hoja M720934.<span class=\"Apple-converted-space\">\u00a0<\/span><\/p>\n<p class=\"p2\">El acceso al sitio web de WAKAISPORTS implica sin reservas, la aceptaci\u00f3n de las presentes condiciones generales de uso que el USUARIO afirma comprender en su totalidad. El USUARIO se compromete a no utilizar el sitio web y los servicios que se ofrecen en el mismo para la realizaci\u00f3n de actividades contrarias a la ley y a respetar en todo momento las presentes condiciones generales.<span class=\"Apple-converted-space\">\u00a0<\/span><\/p>\n<h3>PRIMERA. &#8211; CONDICIONES DE ACCESO Y USO<span class=\"Apple-converted-space\">\u00a0<\/span><\/h3>\n<p class=\"p2\">1.1.-La utilizaci\u00f3n del sitio web de WAKAISPORTS no conlleva la obligatoriedad de inscripci\u00f3n del USUARIO. Las condiciones de acceso y uso del presente sitio web se rigen estrictamente por la legalidad vigente y por el principio de buena fe comprometi\u00e9ndose el USUARIO a realizar un buen uso de la web. Quedan prohibidos todos los actos que vulneren la legalidad, derechos o intereses de terceros: derecho a la intimidad, protecci\u00f3n de datos, propiedad intelectual etc.<span class=\"Apple-converted-space\">\u00a0<\/span><\/p>\n<p class=\"p2\">Expresamente ALGAENERGY proh\u00edbe los siguientes:<span class=\"Apple-converted-space\">\u00a0<\/span><\/p>\n<p class=\"p2\">1.1.1.- Realizar acciones que puedan producir en el sitio web o a trav\u00e9s del mismo por cualquier medio cualquier tipo de da\u00f1o a los sistemas de WAKAISPORTS o a terceros.<span class=\"Apple-converted-space\">\u00a0<\/span><\/p>\n<p class=\"p2\">1.1.2.- Realizar sin la debida autorizaci\u00f3n cualquier tipo de publicidad o informaci\u00f3n comercial directamente o de forma encubierta, el env\u00edo de correos masivos (\u201cspaming\u201d) o env\u00edo de grandes mensajes con el fin de bloquear servidores de la red (\u201cmail bombing\u201d).<span class=\"Apple-converted-space\">\u00a0<\/span><\/p>\n<p class=\"p2\">1.2.- WAKAISPORTS podr\u00e1 interrumpir en cualquier momento el acceso a su sitio web si detecta un uso contrario a la legalidad, la buena fe o a las presentes condiciones generales- ver cl\u00e1usula quinta.<span class=\"Apple-converted-space\">\u00a0<\/span><\/p>\n<h3 class=\"p2\">SEGUNDA. &#8211; CONTENIDOS<span class=\"Apple-converted-space\">\u00a0<\/span><\/h3>\n<p class=\"p2\">Los contenidos incorporados en este sitio web han sido elaborados e incluidos por:<span class=\"Apple-converted-space\">\u00a0<\/span><\/p>\n<p class=\"p2\">2.1.- WAKAISPORTS utilizando fuentes internas y externas de tal modo que ALGAENERGY \u00fanicamente se hace responsable por los contenidos elaborados de forma interna.<span class=\"Apple-converted-space\">\u00a0<\/span><\/p>\n<p class=\"p2\">2.2.- WAKAISPORTS se reserva el derecho a modificar en cualquier momento los contenidos existentes en su sitio web.<span class=\"Apple-converted-space\">\u00a0<\/span><\/p>\n<h3 class=\"p2\">TERCERA. &#8211; DERECHOS DE AUTOR Y MARCA<span class=\"Apple-converted-space\">\u00a0<\/span><\/h3>\n<p class=\"p2\">WAKAISPORTS informa que el sitio web <span class=\"s2\">www.wakaisports.com<\/span>los contenidos propios, la programaci\u00f3n y el dise\u00f1o del sitio web se encuentra plenamente protegido por los derechos de autor, quedando expresamente prohibida toda reproducci\u00f3n, comunicaci\u00f3n, distribuci\u00f3n y transformaci\u00f3n de los referidos elementos protegidos salvo consentimiento expreso de WAKAISPORTS.<span class=\"Apple-converted-space\">\u00a0<\/span><\/p>\n<p class=\"p2\">WAKAISPORTS utiliza fuentes externas para la elaboraci\u00f3n de sus contenidos en determinadas ocasiones y tambi\u00e9n establece links o hiperenlaces a art\u00edculos o informaciones de terceros citando siempre la fuente. El leg\u00edtimo titular de los derechos de autor de estas informaciones as\u00ed incluidas podr\u00e1 solicitar en cualquier momento la eliminaci\u00f3n de las referidas referencias.<span class=\"Apple-converted-space\">\u00a0<\/span><\/p>\n<h3 class=\"p2\">CUARTA. &#8211; JURISDICCI\u00d3N Y LEY APLICABLE<span class=\"Apple-converted-space\">\u00a0<\/span><\/h3>\n<p class=\"p2\">Las presentes condiciones generales se rigen por la legislaci\u00f3n espa\u00f1ola. Son competentes para resolver toda controversia o conflicto que se derive de las presentes condiciones generales los Juzgados de Madrid renunciando expresamente el USUARIO a cualquier otro fuero que pudiera corresponderle.<span class=\"Apple-converted-space\">\u00a0<\/span><\/p>\n<h3 class=\"p2\">QUINTA. &#8211; VIGENCIA<span class=\"Apple-converted-space\">\u00a0<\/span><\/h3>\n<p class=\"p2\">En caso de que cualquier cl\u00e1usula del presente documento sea declarada nula, las dem\u00e1s cl\u00e1usulas seguir\u00e1n vigentes y se interpretar\u00e1n teniendo en cuenta la voluntad de las partes y la finalidad misma de las presentes condiciones. WAKAISPORTS podr\u00e1 no ejercitar alguno de los derechos y facultades conferidos en este documento lo que no implicar\u00e1 en ning\u00fan caso la renuncia a los mismos salvo reconocimiento expreso por parte de WAKAISPORTS.<span class=\"Apple-converted-space\">\u00a0<\/span><\/p>\n","protected":false},"excerpt":{"rendered":"<p>The Kaisha Sports, S.L., (en adelante WAKAISPORTS) con domicilio en Paseo de la Habana, 42 2 izquierda, Madrid con CIF B01591841 pone a disposici\u00f3n en su sitio web www.wakaisports.com determinados contenidos de car\u00e1cter informativo sobre sus actividades.\u00a0 Las presentes condiciones generales rigen \u00fanica y exclusivamente el uso del sitio web de WAKAISPORTS por parte de [&hellip;]<\/p>\n","protected":false},"author":1,"featured_media":0,"parent":0,"menu_order":0,"comment_status":"closed","ping_status":"closed","template":"","meta":{"_acf_changed":false,"footnotes":""},"class_list":["post-700","page","type-page","status-publish","hentry"],"acf":[],"_links":{"self":[{"href":"https:\/\/wakaigroup.com\/en\/wp-json\/wp\/v2\/pages\/700","targetHints":{"allow":["GET"]}}],"collection":[{"href":"https:\/\/wakaigroup.com\/en\/wp-json\/wp\/v2\/pages"}],"about":[{"href":"https:\/\/wakaigroup.com\/en\/wp-json\/wp\/v2\/types\/page"}],"author":[{"embeddable":true,"href":"https:\/\/wakaigroup.com\/en\/wp-json\/wp\/v2\/users\/1"}],"replies":[{"embeddable":true,"href":"https:\/\/wakaigroup.com\/en\/wp-json\/wp\/v2\/comments?post=700"}],"version-history":[{"count":1,"href":"https:\/\/wakaigroup.com\/en\/wp-json\/wp\/v2\/pages\/700\/revisions"}],"predecessor-version":[{"id":2001,"href":"https:\/\/wakaigroup.com\/en\/wp-json\/wp\/v2\/pages\/700\/revisions\/2001"}],"wp:attachment":[{"href":"https:\/\/wakaigroup.com\/en\/wp-json\/wp\/v2\/media?parent=700"}],"curies":[{"name":"wp","href":"https:\/\/api.w.org\/{rel}","templated":true}]}}