{"id":698,"date":"2023-08-01T15:18:53","date_gmt":"2023-08-01T13:18:53","guid":{"rendered":"https:\/\/local.wakaigroup.com\/politica-de-cookies\/"},"modified":"2025-10-06T15:46:04","modified_gmt":"2025-10-06T13:46:04","slug":"cookies-policy","status":"publish","type":"page","link":"https:\/\/wakaigroup.com\/en\/cookies-policy\/","title":{"rendered":"Cookies policy"},"content":{"rendered":"<h3>\u00bfQU\u00c9 SON LAS COOKIES?<\/h3>\n<p>Las Cookies, y otras t\u00e9cnicas similares, son ficheros de texto, imagen o rutinas que el Servicio al que se accede instala o ejecuta en el equipo o dispositivo (PC, Smartphone, Tablet, etc.) del usuario para registrar la actividad de su navegaci\u00f3n a trav\u00e9s de las p\u00e1ginas y secciones de los Servicios.<\/p>\n<p>Las Cookies se asocian \u00fanicamente a un c\u00f3digo (ID) que identifica el dispositivo y\/o el navegador que utiliza en cada visita, por lo que no proporcionan referencias que permitan deducir otros datos personales del usuario.<\/p>\n<h3>\u00bfPARA QU\u00c9 UTILIZAN LAS COOKIES LOS SERVICIOS?<\/h3>\n<p>Los Servicios del Responsable utilizan Cookies:<\/p>\n<ol>\n<li>a) con el objetivo de ofrecer al usuario contenidos e informaci\u00f3n m\u00e1s adecuados a sus intereses y facilitar su navegaci\u00f3n a trav\u00e9s de nuestros Servicios,<\/li>\n<li>b) para registrar las preferencias del usuario y proporcionarle un acceso m\u00e1s r\u00e1pido,<\/li>\n<li>c) personalizar los Servicios que ofrecemos, facilitando y ofreciendo a cada usuario informaci\u00f3n que es de su inter\u00e9s o que puede ser de su inter\u00e9s, bas\u00e1ndose para ello en el uso que realiza de estos Servicios,<\/li>\n<li>d) conocer todos los Servicios solicitados por los usuarios, de forma que podr\u00e1n facilitar u ofrecer informaci\u00f3n adecuada a los gustos y preferencias de cada usuario y<\/li>\n<li>e) personalizar los anuncios que se insertan en los Servicios bas\u00e1ndose en las preferencias e intereses del usuario, sean seleccionados por el Responsable o por los propios anunciantes o sus representantes a trav\u00e9s de los intermediarios y operadores publicitarios.<\/li>\n<\/ol>\n<p>Adem\u00e1s, los usuarios que se registren, o que inicien sesi\u00f3n y naveguen autenticados podr\u00e1n beneficiarse de unos Servicios m\u00e1s personalizados y orientados a su perfil. Dichos usuarios autorizan expresamente el uso de la informaci\u00f3n de registro con esta finalidad, sin perjuicio de su derecho a rechazar o deshabilitar el uso de Cookies. Toda la informaci\u00f3n ser\u00e1 tratada conforme a lo indicado en la Pol\u00edtica o Cl\u00e1usula de Privacidad que haya aceptado el usuario al registrarse, y conforme a lo indicado en la presente Pol\u00edtica de Cookies.<\/p>\n<h3>\u00bfQU\u00c9 TIPOS DE COOKIES HAY EN LOS SERVICIOS Y CU\u00c1LES SON SUS FINALIDADES?<\/h3>\n<p>En funci\u00f3n de su duraci\u00f3n, las Cookies pueden dividirse en:<\/p>\n<ul>\n<li>Cookies de sesi\u00f3n: Estas expiran cuando el usuario cierra el navegador y se borran del ordenador o dispositivo en ese momento.<\/li>\n<li>Cookies persistentes: Expiran en funci\u00f3n de cuando se cumpla el objetivo para el que sirven (por ejemplo, para que el usuario se mantenga identificado en los Servicios) o bien cuando se borran manualmente.<\/li>\n<\/ul>\n<p>En funci\u00f3n de qui\u00e9n crea la Cookie se clasifican en:<\/p>\n<ul>\n<li>Cookies propias: Son las que env\u00edan al ordenador o dispositivo del usuario, nuestros Servicios y son gestionadas exclusivamente por el Responsable.<\/li>\n<li>Cookies de terceros: Aquellas que son enviadas por entidades ajenas al Responsable y que se activan cuando se accede desde nuestros Servicios a redes sociales, a visualizar videos o al acceder a anuncios publicitarios.<\/li>\n<\/ul>\n<h3>\u00bfQU\u00c9 COOKIES SE PUEDEN INSTALAR EN LOS SERVICIOS?<\/h3>\n<p>El acceso a los Servicios implica que se puedan instalar las Cookies, propias y\/o de terceros, que se detallan en el siguiente cuadro:<\/p>\n<table width=\"614\">\n<tbody>\n<tr>\n<td width=\"105\"><strong>Tipo de Cookies<\/strong><\/td>\n<td width=\"185\"><strong>Descripci\u00f3n<\/strong><\/td>\n<td width=\"229\"><strong>Finalidad \/ informaci\u00f3n<\/strong><\/td>\n<td width=\"94\"><strong>Plazo de tratamiento<\/strong><\/td>\n<\/tr>\n<tr>\n<td width=\"105\"><strong>Rendimiento<\/strong><\/td>\n<td width=\"185\">Estas Cookies se utilizan para mejorar la navegaci\u00f3n y optimizar el funcionamiento de nuestros Servicios. Almacenan configuraciones de Servicios para que no tenga que reconfigurarlos cada vez que nos visite.<\/td>\n<td width=\"229\">Ajustes de volumen de reproductores de v\u00eddeo o sonido; las velocidades de transmisi\u00f3n de v\u00eddeo que sean compatibles con su navegador; los objetos guardados en el \u201ccarrito de la compra\u201d en los Servicios de E-commerce; etc.<\/td>\n<td width=\"94\">Persistentes<\/td>\n<\/tr>\n<tr>\n<td width=\"105\">Publicidad propia<\/td>\n<td width=\"185\">Este tipo de Cookies permiten ampliar la informaci\u00f3n de los anuncios mostrados a cada usuario an\u00f3nimo en los Servicios.<\/td>\n<td width=\"229\">Entre otros, se almacena la duraci\u00f3n o frecuencia de visualizaci\u00f3n de posiciones publicitarias, la interacci\u00f3n con las mismas, o los patrones de navegaci\u00f3n y\/o comportamientos del usuario ya que ayudan a conformar un perfil de inter\u00e9s publicitario. De este modo, permiten ofrecer publicidad af\u00edn a los intereses del usuario.<\/td>\n<td width=\"94\">Persistentes<\/td>\n<\/tr>\n<tr>\n<td width=\"105\"><strong>Publicidad de terceros<\/strong><\/td>\n<td width=\"185\">Adem\u00e1s de la publicidad gestionada por los Servicios propios, el Responsable ofrece a sus anunciantes la opci\u00f3n de servir anuncios a trav\u00e9s de terceros (\u201cAd-Servers\u201d).<\/td>\n<td width=\"229\">De este modo, anunciantes, operadores publicitarios y otros intermediarios pueden almacenar Cookies a trav\u00e9s de los Servicios en los navegadores o aplicaciones de los usuarios, as\u00ed como acceder a los datos que en ellas se guardan. Las empresas que generan estas Cookies tienen sus propias pol\u00edticas de privacidad.<\/td>\n<td width=\"94\">Persistentes<\/td>\n<\/tr>\n<tr>\n<td width=\"105\"><strong>Publicidad comportamental<\/strong><\/td>\n<td width=\"185\">Modelo publicitario basado en el comportamiento del consumidor para el cual una Cookie recaba informaci\u00f3n an\u00f3nima sobre h\u00e1bitos de navegaci\u00f3n.<\/td>\n<td width=\"229\">La finalidad es ofrecer al usuario publicidad acorde con sus intereses.<\/td>\n<td width=\"94\">Persistentes<\/td>\n<\/tr>\n<tr>\n<td width=\"105\"><strong>Registro<\/strong><\/td>\n<td width=\"185\">Las Cookies de registro se generan una vez que el usuario se ha registrado o posteriormente ha abierto su sesi\u00f3n, y se utilizan para identificarle en los Servicios.<\/td>\n<td width=\"229\">Mantener al usuario identificado, incluso si cierra nuestro sitio o el navegador, de modo que cuando vuelva a entrar en el mismo sitio seguir\u00e1 identificado. Si el usuario cierra la sesi\u00f3n, se eliminar\u00e1 esta Cookie y la pr\u00f3xima vez que entre en el Servicio tendr\u00e1 que iniciar sesi\u00f3n para estar identificado. Comprobar si el usuario est\u00e1 autorizado para acceder a ciertos Servicios, por ejemplo, para participar en un concurso. Adicionalmente, algunos Servicios pueden utilizar conectores con redes sociales tales como Facebook o Twitter. Cuando el usuario se registra en un Servicio con credenciales de una red social, autoriza a la red social a guardar una Cookie persistente que recuerda su identidad y le garantiza acceso a los Servicios hasta que expira. El usuario puede borrar esta Cookie y revocar el acceso a los Servicios mediante redes sociales actualizando sus preferencias en la red social que espec\u00edfica.<\/td>\n<td width=\"94\">Persistentes<\/td>\n<\/tr>\n<tr>\n<td width=\"105\"><strong>Geolocalizaci\u00f3n<\/strong><\/td>\n<td width=\"185\">Estas Cookies son totalmente an\u00f3nimas y s\u00f3lo se utiliza para ayudar a orientar el contenido a su ubicaci\u00f3n.<\/td>\n<td width=\"229\">Estas Cookies son utilizadas para averiguar en qu\u00e9 pa\u00eds se encuentra cuando se solicita un Servicio.<\/td>\n<td width=\"94\">De sesi\u00f3n<\/td>\n<\/tr>\n<\/tbody>\n<\/table>\n<p>&nbsp;<\/p>\n<h3>\u00bfC\u00d3MO SE DESHABILITAN LAS COOKIES?<\/h3>\n<p>Al acceder al Servicio, el usuario ver\u00e1 un aviso de Cookies en el que se le informar\u00e1 de la forma en la que puede prestar o rechazar su consentimiento a instalar las Cookies.<\/p>\n<p>El usuario podr\u00e1 deshabilitar o eliminar las Cookies a trav\u00e9s de la configuraci\u00f3n del navegador que utilice en su dispositivo o terminal. A continuaci\u00f3n, le facilitamos el acceso a p\u00e1ginas informativas de los principales navegadores de internet para la configuraci\u00f3n de Cookies:<\/p>\n<ul>\n<li><a href=\"https:\/\/support.google.com\/chrome\/answer\/95647?hl=es\" target=\"_blank\" rel=\"noopener\">Configuraci\u00f3n de cookies para Google Chrome<\/a><\/li>\n<li><a href=\"https:\/\/support.mozilla.org\/es\/kb\/cookies-informacion-que-los-sitios-web-guardan-en-?redirectlocale=en-US&amp;redirectslug=Cookies\" target=\"_blank\" rel=\"noopener\">Configuraci\u00f3n de cookies para Mozilla Firefox<\/a><\/li>\n<li><a href=\"https:\/\/support.microsoft.com\/es-es\/help\/278835\/how-to-delete-cookie-files-in-internet-explorer\" target=\"_blank\" rel=\"noopener\">Configuraci\u00f3n de cookies para Internet Explorer<\/a><\/li>\n<li><a href=\"https:\/\/support.apple.com\/es-es\/HT201265\" target=\"_blank\" rel=\"noopener\">Configuraci\u00f3n de cookies para Safari<\/a><\/li>\n<\/ul>\n<h3>\u00bfQU\u00c9 OCURRE SI SE DESHABILITAN LAS COOKIES?<\/h3>\n<p>En caso de que se deshabiliten las Cookies, no podremos mantener sus preferencias y algunas funcionalidades de los Servicios podr\u00edan quedar inoperativas, no pudiendo ofrecerle servicios personalizados.<\/p>\n<h3>\u00bfQUI\u00c9NES SON LOS DESTINATARIOS DE LA INFORMACI\u00d3N Y C\u00d3MO EL USO DE COOKIES AFECTA A LA PROTECCI\u00d3N DE MIS DATOS PERSONALES?<\/h3>\n<p>La mayor\u00eda de las Cookies recopilan informaci\u00f3n an\u00f3nima, que no permite obtener la identidad del usuario, si bien algunos de los c\u00f3digos que se incluyen sirven para singularizar o individualizar al navegador o aplicaci\u00f3n de su dispositivo utilizado, pudiendo ser de aplicaci\u00f3n la normativa en materia de protecci\u00f3n de datos personales. Por ello, le informamos de que la informaci\u00f3n que se obtiene por medio de las Cookies ser\u00e1 tratada con las finalidades indicadas en la presente Pol\u00edtica de Cookies.<\/p>\n<p>Teniendo en cuenta que estos c\u00f3digos no permiten la identificaci\u00f3n del usuario, no ser\u00e1n aplicables los derechos de acceso, rectificaci\u00f3n, supresi\u00f3n, oposici\u00f3n, limitaci\u00f3n y portabilidad reconocidos en la normativa de protecci\u00f3n de datos, salvo que el usuario sea capaz de aportar informaci\u00f3n adicional que permita vincular su identidad con los c\u00f3digos identificativos de sus Cookies.<\/p>\n<p>En caso de considerar vulnerado su derecho a la protecci\u00f3n de datos, el usuario podr\u00e1 interponer una reclamaci\u00f3n ante la Agencia Espa\u00f1ola de Protecci\u00f3n de Datos (www.aepd.es).<\/p>\n<p>Por otro lado, le informamos que algunos de nuestros proveedores, socios y colaboradores,\u00a0as\u00ed como los anunciantes,\u00a0operadores\u00a0y agentes publicitarios mencionados,\u00a0pueden estar ubicados en Estados Unidos u otros pa\u00edses cuya legislaci\u00f3n no ofrece un nivel de protecci\u00f3n de datos equivalente al europeo. Al consentir el uso de cookies y la compartici\u00f3n de datos, consiente la transferencia de sus datos personales.<\/p>\n<h3>ACTUALIZACIONES Y CAMBIOS EN LA POL\u00cdTICA DE PRIVACIDAD\/COOKIES:<\/h3>\n<p>El Responsable puede modificar esta Pol\u00edtica de Cookies en funci\u00f3n de exigencias legislativas, reglamentarias, o con la finalidad de adaptar dicha pol\u00edtica a las instrucciones dictadas por la Agencia Espa\u00f1ola de Protecci\u00f3n de Datos, por ello se aconseja a los usuarios que la visiten peri\u00f3dicamente.<\/p>\n<p>&nbsp;<\/p>\n","protected":false},"excerpt":{"rendered":"<p>\u00bfQU\u00c9 SON LAS COOKIES? Las Cookies, y otras t\u00e9cnicas similares, son ficheros de texto, imagen o rutinas que el Servicio al que se accede instala o ejecuta en el equipo o dispositivo (PC, Smartphone, Tablet, etc.) del usuario para registrar la actividad de su navegaci\u00f3n a trav\u00e9s de las p\u00e1ginas y secciones de los Servicios. [&hellip;]<\/p>\n","protected":false},"author":1,"featured_media":0,"parent":0,"menu_order":0,"comment_status":"closed","ping_status":"closed","template":"","meta":{"_acf_changed":false,"footnotes":""},"class_list":["post-698","page","type-page","status-publish","hentry"],"acf":[],"_links":{"self":[{"href":"https:\/\/wakaigroup.com\/en\/wp-json\/wp\/v2\/pages\/698","targetHints":{"allow":["GET"]}}],"collection":[{"href":"https:\/\/wakaigroup.com\/en\/wp-json\/wp\/v2\/pages"}],"about":[{"href":"https:\/\/wakaigroup.com\/en\/wp-json\/wp\/v2\/types\/page"}],"author":[{"embeddable":true,"href":"https:\/\/wakaigroup.com\/en\/wp-json\/wp\/v2\/users\/1"}],"replies":[{"embeddable":true,"href":"https:\/\/wakaigroup.com\/en\/wp-json\/wp\/v2\/comments?post=698"}],"version-history":[{"count":1,"href":"https:\/\/wakaigroup.com\/en\/wp-json\/wp\/v2\/pages\/698\/revisions"}],"predecessor-version":[{"id":2000,"href":"https:\/\/wakaigroup.com\/en\/wp-json\/wp\/v2\/pages\/698\/revisions\/2000"}],"wp:attachment":[{"href":"https:\/\/wakaigroup.com\/en\/wp-json\/wp\/v2\/media?parent=698"}],"curies":[{"name":"wp","href":"https:\/\/api.w.org\/{rel}","templated":true}]}}